{"id":152,"date":"2023-07-16T10:55:04","date_gmt":"2023-07-16T10:55:04","guid":{"rendered":"https:\/\/wamiliki.org\/?page_id=152"},"modified":"2025-05-20T20:36:56","modified_gmt":"2025-05-20T20:36:56","slug":"blog","status":"publish","type":"page","link":"https:\/\/www.wamiliki.org\/fr\/blog\/","title":{"rendered":"Blog"},"content":{"rendered":"<div data-elementor-type=\"wp-page\" data-elementor-id=\"152\" class=\"elementor elementor-152\" data-elementor-post-type=\"page\">\n\t\t\t\t\t\t\t<div class=\"elementor-element elementor-element-43d217c e-flex e-con-boxed e-con\" data-id=\"43d217c\" data-element_type=\"container\" data-settings=\"{&quot;content_width&quot;:&quot;boxed&quot;}\">\n\t\t\t\t\t<div class=\"e-con-inner\">\n\t\t\t\t<div class=\"elementor-element elementor-element-a1f9b28 elementor-grid-2 elementor-grid-tablet-2 elementor-grid-mobile-1 elementor-posts--thumbnail-top elementor-posts--show-avatar elementor-card-shadow-yes elementor-posts__hover-gradient elementor-widget elementor-widget-posts\" data-id=\"a1f9b28\" data-element_type=\"widget\" data-settings=\"{&quot;cards_columns&quot;:&quot;2&quot;,&quot;cards_columns_tablet&quot;:&quot;2&quot;,&quot;cards_columns_mobile&quot;:&quot;1&quot;,&quot;cards_row_gap&quot;:{&quot;unit&quot;:&quot;px&quot;,&quot;size&quot;:35,&quot;sizes&quot;:[]},&quot;cards_row_gap_tablet&quot;:{&quot;unit&quot;:&quot;px&quot;,&quot;size&quot;:&quot;&quot;,&quot;sizes&quot;:[]},&quot;cards_row_gap_mobile&quot;:{&quot;unit&quot;:&quot;px&quot;,&quot;size&quot;:&quot;&quot;,&quot;sizes&quot;:[]}}\" data-widget_type=\"posts.cards\">\n\t\t\t\t<div class=\"elementor-widget-container\">\n\t\t\t<link rel=\"stylesheet\" href=\"https:\/\/www.wamiliki.org\/wp-content\/plugins\/elementor-pro\/assets\/css\/widget-posts.min.css\">\t\t<div class=\"elementor-posts-container elementor-posts elementor-posts--skin-cards elementor-grid\">\n\t\t\t\t<article class=\"elementor-post elementor-grid-item post-756 post type-post status-publish format-standard has-post-thumbnail hentry category-uncategorized\">\n\t\t\t<div class=\"elementor-post__card\">\n\t\t\t\t<a class=\"elementor-post__thumbnail__link\" href=\"https:\/\/www.wamiliki.org\/fr\/2025\/07\/08\/jaarverslag-2024-gepubliceerd\/\" ><div class=\"elementor-post__thumbnail\"><img loading=\"lazy\" decoding=\"async\" width=\"300\" height=\"222\" src=\"https:\/\/www.wamiliki.org\/wp-content\/uploads\/2025\/07\/Screenshot-2025-07-08-234334-300x222.png\" class=\"attachment-medium size-medium wp-image-762\" alt=\"\" srcset=\"https:\/\/www.wamiliki.org\/wp-content\/uploads\/2025\/07\/Screenshot-2025-07-08-234334-300x222.png 300w, https:\/\/www.wamiliki.org\/wp-content\/uploads\/2025\/07\/Screenshot-2025-07-08-234334-16x12.png 16w, https:\/\/www.wamiliki.org\/wp-content\/uploads\/2025\/07\/Screenshot-2025-07-08-234334.png 717w\" sizes=\"auto, (max-width: 300px) 100vw, 300px\" \/><\/div><\/a>\n\t\t\t\t<div class=\"elementor-post__badge\">Uncategorized<\/div>\n\t\t\t\t<div class=\"elementor-post__avatar\">\n\t\t\t<img alt='redacteur' src='https:\/\/secure.gravatar.com\/avatar\/dc8b413040d10521b1f16c5593abc9990067e3a3ad90fabc20786881730b5a90?s=128&#038;d=mm&#038;r=g' srcset='https:\/\/secure.gravatar.com\/avatar\/dc8b413040d10521b1f16c5593abc9990067e3a3ad90fabc20786881730b5a90?s=256&#038;d=mm&#038;r=g 2x' class='avatar avatar-128 photo' height='128' width='128' \/>\t\t<\/div>\n\t\t\t\t<div class=\"elementor-post__text\">\n\t\t\t\t<h3 class=\"elementor-post__title\">\n\t\t\t<a href=\"https:\/\/www.wamiliki.org\/fr\/2025\/07\/08\/jaarverslag-2024-gepubliceerd\/\" >\n\t\t\t\tJaarverslag 2024 gepubliceerd\t\t\t<\/a>\n\t\t<\/h3>\n\t\t\t\t<div class=\"elementor-post__excerpt\">\n\t\t\t<p>Het jaarverslag en jaarrekening van De Stichting Wamiliki zijn gepubliceerd in juli 2025. 2024 was een relatief rustig jaar waarbij o.a. vooral veel tijd en<\/p>\n\t\t<\/div>\n\t\t\n\t\t<a class=\"elementor-post__read-more\" href=\"https:\/\/www.wamiliki.org\/fr\/2025\/07\/08\/jaarverslag-2024-gepubliceerd\/\" aria-label=\"En savoir plus sur Jaarverslag 2024 gepubliceerd\" >\n\t\t\tLees verder \u00bb\t\t<\/a>\n\n\t\t\t\t<\/div>\n\t\t\t\t<div class=\"elementor-post__meta-data\">\n\t\t\t\t\t<span class=\"elementor-post-date\">\n\t\t\tjuillet 8, 2025\t\t<\/span>\n\t\t\t\t<span class=\"elementor-post-avatar\">\n\t\t\tAucun commentaire\t\t<\/span>\n\t\t\t\t<\/div>\n\t\t\t\t\t<\/div>\n\t\t<\/article>\n\t\t\t\t<article class=\"elementor-post elementor-grid-item post-698 post type-post status-publish format-standard has-post-thumbnail hentry category-uncategorized\">\n\t\t\t<div class=\"elementor-post__card\">\n\t\t\t\t<a class=\"elementor-post__thumbnail__link\" href=\"https:\/\/www.wamiliki.org\/fr\/2025\/05\/20\/afrika-en-europa-is-een-gedeelde-toekomst-mogelijk\/\" ><div class=\"elementor-post__thumbnail\"><img loading=\"lazy\" decoding=\"async\" width=\"300\" height=\"106\" src=\"https:\/\/www.wamiliki.org\/wp-content\/uploads\/2025\/02\/james-wiseman-vYGR3b_naPA-unsplash-scaled-1-300x106.jpg\" class=\"attachment-medium size-medium wp-image-638\" alt=\"\" srcset=\"https:\/\/www.wamiliki.org\/wp-content\/uploads\/2025\/02\/james-wiseman-vYGR3b_naPA-unsplash-scaled-1-300x106.jpg 300w, https:\/\/www.wamiliki.org\/wp-content\/uploads\/2025\/02\/james-wiseman-vYGR3b_naPA-unsplash-scaled-1-1024x363.jpg 1024w, https:\/\/www.wamiliki.org\/wp-content\/uploads\/2025\/02\/james-wiseman-vYGR3b_naPA-unsplash-scaled-1-768x272.jpg 768w, https:\/\/www.wamiliki.org\/wp-content\/uploads\/2025\/02\/james-wiseman-vYGR3b_naPA-unsplash-scaled-1-1536x544.jpg 1536w, https:\/\/www.wamiliki.org\/wp-content\/uploads\/2025\/02\/james-wiseman-vYGR3b_naPA-unsplash-scaled-1-18x6.jpg 18w, https:\/\/www.wamiliki.org\/wp-content\/uploads\/2025\/02\/james-wiseman-vYGR3b_naPA-unsplash-scaled-1.jpg 1920w\" sizes=\"auto, (max-width: 300px) 100vw, 300px\" \/><\/div><\/a>\n\t\t\t\t<div class=\"elementor-post__badge\">Uncategorized<\/div>\n\t\t\t\t<div class=\"elementor-post__avatar\">\n\t\t\t<img alt='admin' src='https:\/\/secure.gravatar.com\/avatar\/9323616a589ccc0b9dae2fd62ffd7671f019b4fbba852eb5ac5e5d528f28040e?s=128&#038;d=mm&#038;r=g' srcset='https:\/\/secure.gravatar.com\/avatar\/9323616a589ccc0b9dae2fd62ffd7671f019b4fbba852eb5ac5e5d528f28040e?s=256&#038;d=mm&#038;r=g 2x' class='avatar avatar-128 photo' height='128' width='128' \/>\t\t<\/div>\n\t\t\t\t<div class=\"elementor-post__text\">\n\t\t\t\t<h3 class=\"elementor-post__title\">\n\t\t\t<a href=\"https:\/\/www.wamiliki.org\/fr\/2025\/05\/20\/afrika-en-europa-is-een-gedeelde-toekomst-mogelijk\/\" >\n\t\t\t\tAfrika en Europa: is een gedeelde toekomst mogelijk?\t\t\t<\/a>\n\t\t<\/h3>\n\t\t\t\t<div class=\"elementor-post__excerpt\">\n\t\t\t<p>Wamiliki organiseerde 3 sessies samen met Pakhuis de Zwijger op 21 februari, 6 maart en 14 maart 2025. Over hoe koloniale denkbeelden ontstonden en onze<\/p>\n\t\t<\/div>\n\t\t\n\t\t<a class=\"elementor-post__read-more\" href=\"https:\/\/www.wamiliki.org\/fr\/2025\/05\/20\/afrika-en-europa-is-een-gedeelde-toekomst-mogelijk\/\" aria-label=\"En savoir plus sur Afrika en Europa: is een gedeelde toekomst mogelijk?\" >\n\t\t\tLees verder \u00bb\t\t<\/a>\n\n\t\t\t\t<\/div>\n\t\t\t\t<div class=\"elementor-post__meta-data\">\n\t\t\t\t\t<span class=\"elementor-post-date\">\n\t\t\tmai 20, 2025\t\t<\/span>\n\t\t\t\t<span class=\"elementor-post-avatar\">\n\t\t\tAucun commentaire\t\t<\/span>\n\t\t\t\t<\/div>\n\t\t\t\t\t<\/div>\n\t\t<\/article>\n\t\t\t\t<article class=\"elementor-post elementor-grid-item post-612 post type-post status-publish format-standard has-post-thumbnail hentry category-uncategorized\">\n\t\t\t<div class=\"elementor-post__card\">\n\t\t\t\t<a class=\"elementor-post__thumbnail__link\" href=\"https:\/\/www.wamiliki.org\/fr\/2024\/11\/30\/mtandao-lunch-verslag\/\" ><div class=\"elementor-post__thumbnail\"><img loading=\"lazy\" decoding=\"async\" width=\"225\" height=\"300\" src=\"https:\/\/www.wamiliki.org\/wp-content\/uploads\/2024\/11\/PHOTO-2024-09-23-16-16-32-225x300.jpg\" class=\"attachment-medium size-medium wp-image-613\" alt=\"\" srcset=\"https:\/\/www.wamiliki.org\/wp-content\/uploads\/2024\/11\/PHOTO-2024-09-23-16-16-32-225x300.jpg 225w, https:\/\/www.wamiliki.org\/wp-content\/uploads\/2024\/11\/PHOTO-2024-09-23-16-16-32-768x1024.jpg 768w, https:\/\/www.wamiliki.org\/wp-content\/uploads\/2024\/11\/PHOTO-2024-09-23-16-16-32-1152x1536.jpg 1152w, https:\/\/www.wamiliki.org\/wp-content\/uploads\/2024\/11\/PHOTO-2024-09-23-16-16-32-9x12.jpg 9w, https:\/\/www.wamiliki.org\/wp-content\/uploads\/2024\/11\/PHOTO-2024-09-23-16-16-32.jpg 1200w\" sizes=\"auto, (max-width: 225px) 100vw, 225px\" \/><\/div><\/a>\n\t\t\t\t<div class=\"elementor-post__badge\">Uncategorized<\/div>\n\t\t\t\t<div class=\"elementor-post__avatar\">\n\t\t\t<img alt='redacteur' src='https:\/\/secure.gravatar.com\/avatar\/dc8b413040d10521b1f16c5593abc9990067e3a3ad90fabc20786881730b5a90?s=128&#038;d=mm&#038;r=g' srcset='https:\/\/secure.gravatar.com\/avatar\/dc8b413040d10521b1f16c5593abc9990067e3a3ad90fabc20786881730b5a90?s=256&#038;d=mm&#038;r=g 2x' class='avatar avatar-128 photo' height='128' width='128' \/>\t\t<\/div>\n\t\t\t\t<div class=\"elementor-post__text\">\n\t\t\t\t<h3 class=\"elementor-post__title\">\n\t\t\t<a href=\"https:\/\/www.wamiliki.org\/fr\/2024\/11\/30\/mtandao-lunch-verslag\/\" >\n\t\t\t\tMtando Lunch Verslag\t\t\t<\/a>\n\t\t<\/h3>\n\t\t\t\t<div class=\"elementor-post__excerpt\">\n\t\t\t<p>Mtandao Lunch Verslag \u00a0 Op 21 september 2024 organiseerde de Wamiliki-structuur, in samenwerking met Mtandao, een zinvolle bijeenkomst met jonge promotoren uit Lubumbashi. Deze sessie,<\/p>\n\t\t<\/div>\n\t\t\n\t\t<a class=\"elementor-post__read-more\" href=\"https:\/\/www.wamiliki.org\/fr\/2024\/11\/30\/mtandao-lunch-verslag\/\" aria-label=\"En savoir plus sur Mtando Lunch Verslag\" >\n\t\t\tLees verder \u00bb\t\t<\/a>\n\n\t\t\t\t<\/div>\n\t\t\t\t<div class=\"elementor-post__meta-data\">\n\t\t\t\t\t<span class=\"elementor-post-date\">\n\t\t\tnovembre 30, 2024\t\t<\/span>\n\t\t\t\t<span class=\"elementor-post-avatar\">\n\t\t\tAucun commentaire\t\t<\/span>\n\t\t\t\t<\/div>\n\t\t\t\t\t<\/div>\n\t\t<\/article>\n\t\t\t\t<article class=\"elementor-post elementor-grid-item post-554 post type-post status-publish format-standard has-post-thumbnail hentry category-uncategorized\">\n\t\t\t<div class=\"elementor-post__card\">\n\t\t\t\t<a class=\"elementor-post__thumbnail__link\" href=\"https:\/\/www.wamiliki.org\/fr\/2024\/07\/08\/jaarverslag-2023\/\" ><div class=\"elementor-post__thumbnail\"><img loading=\"lazy\" decoding=\"async\" width=\"300\" height=\"253\" src=\"https:\/\/www.wamiliki.org\/wp-content\/uploads\/2024\/07\/image-300x253.jpeg\" class=\"attachment-medium size-medium wp-image-558\" alt=\"\" srcset=\"https:\/\/www.wamiliki.org\/wp-content\/uploads\/2024\/07\/image-300x253.jpeg 300w, https:\/\/www.wamiliki.org\/wp-content\/uploads\/2024\/07\/image-1024x862.jpeg 1024w, https:\/\/www.wamiliki.org\/wp-content\/uploads\/2024\/07\/image-768x647.jpeg 768w, https:\/\/www.wamiliki.org\/wp-content\/uploads\/2024\/07\/image.jpeg 1508w\" sizes=\"auto, (max-width: 300px) 100vw, 300px\" \/><\/div><\/a>\n\t\t\t\t<div class=\"elementor-post__badge\">Uncategorized<\/div>\n\t\t\t\t<div class=\"elementor-post__avatar\">\n\t\t\t<img alt='redacteur' src='https:\/\/secure.gravatar.com\/avatar\/dc8b413040d10521b1f16c5593abc9990067e3a3ad90fabc20786881730b5a90?s=128&#038;d=mm&#038;r=g' srcset='https:\/\/secure.gravatar.com\/avatar\/dc8b413040d10521b1f16c5593abc9990067e3a3ad90fabc20786881730b5a90?s=256&#038;d=mm&#038;r=g 2x' class='avatar avatar-128 photo' height='128' width='128' \/>\t\t<\/div>\n\t\t\t\t<div class=\"elementor-post__text\">\n\t\t\t\t<h3 class=\"elementor-post__title\">\n\t\t\t<a href=\"https:\/\/www.wamiliki.org\/fr\/2024\/07\/08\/jaarverslag-2023\/\" >\n\t\t\t\tRapport annuel 2023\t\t\t<\/a>\n\t\t<\/h3>\n\t\t\t\t<div class=\"elementor-post__excerpt\">\n\t\t\t<p>Le rapport annuel de St Wamiliki vient d'\u00a0\u00eatre<\/p>\n\t\t<\/div>\n\t\t\n\t\t<a class=\"elementor-post__read-more\" href=\"https:\/\/www.wamiliki.org\/fr\/2024\/07\/08\/jaarverslag-2023\/\" aria-label=\"En savoir plus sur Jaarverslag 2023\" >\n\t\t\tLees verder \u00bb\t\t<\/a>\n\n\t\t\t\t<\/div>\n\t\t\t\t<div class=\"elementor-post__meta-data\">\n\t\t\t\t\t<span class=\"elementor-post-date\">\n\t\t\tjuillet 8, 2024\t\t<\/span>\n\t\t\t\t<span class=\"elementor-post-avatar\">\n\t\t\tAucun commentaire\t\t<\/span>\n\t\t\t\t<\/div>\n\t\t\t\t\t<\/div>\n\t\t<\/article>\n\t\t\t\t<article class=\"elementor-post elementor-grid-item post-546 post type-post status-publish format-standard has-post-thumbnail hentry category-uncategorized\">\n\t\t\t<div class=\"elementor-post__card\">\n\t\t\t\t<a class=\"elementor-post__thumbnail__link\" href=\"https:\/\/www.wamiliki.org\/fr\/2024\/04\/16\/kinshasa-september-2023\/\" ><div class=\"elementor-post__thumbnail\"><img loading=\"lazy\" decoding=\"async\" width=\"300\" height=\"200\" src=\"https:\/\/www.wamiliki.org\/wp-content\/uploads\/2024\/04\/IMG_0376-300x200.jpg\" class=\"attachment-medium size-medium wp-image-548\" alt=\"\" srcset=\"https:\/\/www.wamiliki.org\/wp-content\/uploads\/2024\/04\/IMG_0376-300x200.jpg 300w, https:\/\/www.wamiliki.org\/wp-content\/uploads\/2024\/04\/IMG_0376-1024x683.jpg 1024w, https:\/\/www.wamiliki.org\/wp-content\/uploads\/2024\/04\/IMG_0376-768x512.jpg 768w, https:\/\/www.wamiliki.org\/wp-content\/uploads\/2024\/04\/IMG_0376-1536x1024.jpg 1536w, https:\/\/www.wamiliki.org\/wp-content\/uploads\/2024\/04\/IMG_0376-2048x1365.jpg 2048w\" sizes=\"auto, (max-width: 300px) 100vw, 300px\" \/><\/div><\/a>\n\t\t\t\t<div class=\"elementor-post__badge\">Uncategorized<\/div>\n\t\t\t\t<div class=\"elementor-post__avatar\">\n\t\t\t<img alt='redacteur' src='https:\/\/secure.gravatar.com\/avatar\/dc8b413040d10521b1f16c5593abc9990067e3a3ad90fabc20786881730b5a90?s=128&#038;d=mm&#038;r=g' srcset='https:\/\/secure.gravatar.com\/avatar\/dc8b413040d10521b1f16c5593abc9990067e3a3ad90fabc20786881730b5a90?s=256&#038;d=mm&#038;r=g 2x' class='avatar avatar-128 photo' height='128' width='128' \/>\t\t<\/div>\n\t\t\t\t<div class=\"elementor-post__text\">\n\t\t\t\t<h3 class=\"elementor-post__title\">\n\t\t\t<a href=\"https:\/\/www.wamiliki.org\/fr\/2024\/04\/16\/kinshasa-september-2023\/\" >\n\t\t\t\tKinshasa Septembre 2023\t\t\t<\/a>\n\t\t<\/h3>\n\t\t\t\t<div class=\"elementor-post__excerpt\">\n\t\t\t<p>En septembre, nous nous sommes rendus \u00e0 Kinshasa avec un groupe de N\u00e9erlandais de la diaspora congolaise pour rencontrer des Congolais de Kinshasa et de Lubumbashi. Nous avons suivi un programme de mise en relation commun avec eux et avons eu des discussions avec l'ambassade, une grande entreprise de Kinshasa et la Chambre de Commerce du Congo.<\/p>\n\t\t<\/div>\n\t\t\n\t\t<a class=\"elementor-post__read-more\" href=\"https:\/\/www.wamiliki.org\/fr\/2024\/04\/16\/kinshasa-september-2023\/\" aria-label=\"En savoir plus sur Kinshasa september 2023\" >\n\t\t\tLees verder \u00bb\t\t<\/a>\n\n\t\t\t\t<\/div>\n\t\t\t\t<div class=\"elementor-post__meta-data\">\n\t\t\t\t\t<span class=\"elementor-post-date\">\n\t\t\tavril 16, 2024\t\t<\/span>\n\t\t\t\t<span class=\"elementor-post-avatar\">\n\t\t\tAucun commentaire\t\t<\/span>\n\t\t\t\t<\/div>\n\t\t\t\t\t<\/div>\n\t\t<\/article>\n\t\t\t\t<article class=\"elementor-post elementor-grid-item post-1 post type-post status-publish format-standard has-post-thumbnail hentry category-uncategorized\">\n\t\t\t<div class=\"elementor-post__card\">\n\t\t\t\t<a class=\"elementor-post__thumbnail__link\" href=\"https:\/\/www.wamiliki.org\/fr\/2023\/08\/14\/de-blik-van-panache-chigumadzi\/\" ><div class=\"elementor-post__thumbnail\"><img loading=\"lazy\" decoding=\"async\" width=\"300\" height=\"157\" src=\"https:\/\/www.wamiliki.org\/wp-content\/uploads\/2023\/08\/Screenshot-2023-08-15-at-01.27.01-300x157.png\" class=\"attachment-medium size-medium wp-image-534\" alt=\"\" srcset=\"https:\/\/www.wamiliki.org\/wp-content\/uploads\/2023\/08\/Screenshot-2023-08-15-at-01.27.01-300x157.png 300w, https:\/\/www.wamiliki.org\/wp-content\/uploads\/2023\/08\/Screenshot-2023-08-15-at-01.27.01-1024x536.png 1024w, https:\/\/www.wamiliki.org\/wp-content\/uploads\/2023\/08\/Screenshot-2023-08-15-at-01.27.01-768x402.png 768w, https:\/\/www.wamiliki.org\/wp-content\/uploads\/2023\/08\/Screenshot-2023-08-15-at-01.27.01-1536x803.png 1536w, https:\/\/www.wamiliki.org\/wp-content\/uploads\/2023\/08\/Screenshot-2023-08-15-at-01.27.01-2048x1071.png 2048w\" sizes=\"auto, (max-width: 300px) 100vw, 300px\" \/><\/div><\/a>\n\t\t\t\t<div class=\"elementor-post__badge\">Uncategorized<\/div>\n\t\t\t\t<div class=\"elementor-post__avatar\">\n\t\t\t<img alt='admin' src='https:\/\/secure.gravatar.com\/avatar\/9323616a589ccc0b9dae2fd62ffd7671f019b4fbba852eb5ac5e5d528f28040e?s=128&#038;d=mm&#038;r=g' srcset='https:\/\/secure.gravatar.com\/avatar\/9323616a589ccc0b9dae2fd62ffd7671f019b4fbba852eb5ac5e5d528f28040e?s=256&#038;d=mm&#038;r=g 2x' class='avatar avatar-128 photo' height='128' width='128' \/>\t\t<\/div>\n\t\t\t\t<div class=\"elementor-post__text\">\n\t\t\t\t<h3 class=\"elementor-post__title\">\n\t\t\t<a href=\"https:\/\/www.wamiliki.org\/fr\/2023\/08\/14\/de-blik-van-panache-chigumadzi\/\" >\n\t\t\t\tLe coup d\u2019oeil de Panache Chigumadzi\t\t\t<\/a>\n\t\t<\/h3>\n\t\t\t\t<div class=\"elementor-post__excerpt\">\n\t\t\t<p>\"Toutes les excuses sans douleur ressentie et exp\u00e9riment\u00e9e sont<br \/>\ngratuites\u00a0!\u00a0\u00bb \u00c0 propos des excuses pour le pass\u00e9 de l'esclavage, des v\u00e9ritables raisons de la coop\u00e9ration au d\u00e9veloppement et des relations entre Africains et Europ\u00e9ens\u2026<\/p>\n\t\t<\/div>\n\t\t\n\t\t<a class=\"elementor-post__read-more\" href=\"https:\/\/www.wamiliki.org\/fr\/2023\/08\/14\/de-blik-van-panache-chigumadzi\/\" aria-label=\"En savoir plus sur De blik van Panache Chigumadzi\" >\n\t\t\tLees verder \u00bb\t\t<\/a>\n\n\t\t\t\t<\/div>\n\t\t\t\t<div class=\"elementor-post__meta-data\">\n\t\t\t\t\t<span class=\"elementor-post-date\">\n\t\t\tao\u00fbt 14, 2023\t\t<\/span>\n\t\t\t\t<span class=\"elementor-post-avatar\">\n\t\t\tAucun commentaire\t\t<\/span>\n\t\t\t\t<\/div>\n\t\t\t\t\t<\/div>\n\t\t<\/article>\n\t\t\t\t<\/div>\n\t\t\n\t\t\t\t<\/div>\n\t\t\t\t<\/div>\n\t\t\t\t\t<\/div>\n\t\t\t\t<\/div>\n\t\t\t\t\t\t\t<\/div>","protected":false},"excerpt":{"rendered":"","protected":false},"author":1,"featured_media":0,"parent":0,"menu_order":0,"comment_status":"closed","ping_status":"closed","template":"","meta":{"footnotes":""},"class_list":["post-152","page","type-page","status-publish","hentry"],"acf":[],"_links":{"self":[{"href":"https:\/\/www.wamiliki.org\/fr\/wp-json\/wp\/v2\/pages\/152","targetHints":{"allow":["GET"]}}],"collection":[{"href":"https:\/\/www.wamiliki.org\/fr\/wp-json\/wp\/v2\/pages"}],"about":[{"href":"https:\/\/www.wamiliki.org\/fr\/wp-json\/wp\/v2\/types\/page"}],"author":[{"embeddable":true,"href":"https:\/\/www.wamiliki.org\/fr\/wp-json\/wp\/v2\/users\/1"}],"replies":[{"embeddable":true,"href":"https:\/\/www.wamiliki.org\/fr\/wp-json\/wp\/v2\/comments?post=152"}],"version-history":[{"count":8,"href":"https:\/\/www.wamiliki.org\/fr\/wp-json\/wp\/v2\/pages\/152\/revisions"}],"predecessor-version":[{"id":721,"href":"https:\/\/www.wamiliki.org\/fr\/wp-json\/wp\/v2\/pages\/152\/revisions\/721"}],"wp:attachment":[{"href":"https:\/\/www.wamiliki.org\/fr\/wp-json\/wp\/v2\/media?parent=152"}],"curies":[{"name":"wp","href":"https:\/\/api.w.org\/{rel}","templated":true}]}}