{"id":95,"date":"2023-07-13T13:45:27","date_gmt":"2023-07-13T13:45:27","guid":{"rendered":"https:\/\/wamiliki.org\/?page_id=95"},"modified":"2026-01-25T15:00:21","modified_gmt":"2026-01-25T15:00:21","slug":"over-ons","status":"publish","type":"page","link":"https:\/\/www.wamiliki.org\/fr\/over-ons\/","title":{"rendered":"\u00c0 propos de nous"},"content":{"rendered":"<div data-elementor-type=\"wp-page\" data-elementor-id=\"95\" class=\"elementor elementor-95\" data-elementor-post-type=\"page\">\n\t\t\t\t\t\t\t\t\t<section class=\"elementor-section elementor-top-section elementor-element elementor-element-3e26c2ba elementor-section-boxed elementor-section-height-default elementor-section-height-default\" data-id=\"3e26c2ba\" data-element_type=\"section\">\n\t\t\t\t\t\t<div class=\"elementor-container elementor-column-gap-default\">\n\t\t\t\t\t<div class=\"elementor-column elementor-col-100 elementor-top-column elementor-element elementor-element-54d2bc37\" data-id=\"54d2bc37\" data-element_type=\"column\">\n\t\t\t<div class=\"elementor-widget-wrap elementor-element-populated\">\n\t\t\t\t\t\t\t\t<div class=\"elementor-element elementor-element-49b8768f elementor-widget elementor-widget-text-editor\" data-id=\"49b8768f\" data-element_type=\"widget\" data-widget_type=\"text-editor.default\">\n\t\t\t\t<div class=\"elementor-widget-container\">\n\t\t\t<style>\/*! elementor - v3.15.0 - 09-08-2023 *\/\n.elementor-widget-text-editor.elementor-drop-cap-view-stacked .elementor-drop-cap{background-color:#69727d;color:#fff}.elementor-widget-text-editor.elementor-drop-cap-view-framed .elementor-drop-cap{color:#69727d;border:3px solid;background-color:transparent}.elementor-widget-text-editor:not(.elementor-drop-cap-view-default) .elementor-drop-cap{margin-top:8px}.elementor-widget-text-editor:not(.elementor-drop-cap-view-default) .elementor-drop-cap-letter{width:1em;height:1em}.elementor-widget-text-editor .elementor-drop-cap{float:left;text-align:center;line-height:1;font-size:50px}.elementor-widget-text-editor .elementor-drop-cap-letter{display:inline-block}<\/style>\t\t\t\t<div class=\"wp-block-media-text alignwide has-media-on-the-right is-stacked-on-mobile\" style=\"grid-template-columns: auto 70%;\">\n<div class=\"wp-block-media-text__content\">\n<p><!-- wp:heading {\"textAlign\":\"left\"} --><\/p>\n<h2 class=\"wp-block-heading has-text-align-left\">Qui sommes nous?<\/h2>\n<p><!-- \/wp:heading --><!-- wp:paragraph {\"align\":\"left\"} --><\/p>\n<p class=\"has-text-align-left\"><strong>L&#039;initiateur<br \/><\/strong>Paul Mbikayi<\/p>\n<p><!-- \/wp:paragraph --><!-- wp:paragraph {\"align\":\"left\"} --><\/p>\n<p class=\"has-text-align-left\"><strong>Conseil d'administration<\/strong> (b\u00e9n\u00e9vole et non r\u00e9mun\u00e9r\u00e9)<br \/>Pr\u00e9sident: Kees de Keizer<br \/>Tr\u00e9sorier : Paul Mbikayi<br \/>Secr\u00e9taire : Herbert Schilthuis :<br \/>membre : Kees Verschoor<\/p>\n<p><!-- \/wp:paragraph --><!-- wp:paragraph --><\/p>\n<p><!-- \/wp:paragraph --><!-- wp:paragraph {\"align\":\"left\"} --><\/p>\n<p class=\"has-text-align-left\">\u00a0<\/p>\n<p><!-- \/wp:paragraph --><!-- wp:buttons --><\/p>\n<div class=\"wp-block-buttons\">\n<p><!-- wp:button {\"backgroundColor\":\"luminous-vivid-amber\",\"textColor\":\"black\"} --><\/p>\n<div class=\"wp-block-button\"><a class=\"wp-block-button__link has-black-color has-luminous-vivid-amber-background-color has-text-color has-background wp-element-button\" href=\"\/fr\/contact\/\">Contactez-nous<\/a><\/div>\n<p><!-- \/wp:button --><\/p>\n<\/div>\n<p><!-- \/wp:buttons --><\/p>\n<\/div>\n<figure class=\"wp-block-media-text__media\"><img loading=\"lazy\" decoding=\"async\" width=\"1024\" height=\"768\" class=\"wp-image-334 size-full\" src=\"https:\/\/wamiliki.org\/wp-content\/uploads\/2023\/07\/d64d1e2a-bd86-458e-b913-863478b97c9f-2880w.jpg\" alt=\"\" srcset=\"https:\/\/www.wamiliki.org\/wp-content\/uploads\/2023\/07\/d64d1e2a-bd86-458e-b913-863478b97c9f-2880w.jpg 1024w, https:\/\/www.wamiliki.org\/wp-content\/uploads\/2023\/07\/d64d1e2a-bd86-458e-b913-863478b97c9f-2880w-300x225.jpg 300w, https:\/\/www.wamiliki.org\/wp-content\/uploads\/2023\/07\/d64d1e2a-bd86-458e-b913-863478b97c9f-2880w-768x576.jpg 768w\" sizes=\"auto, (max-width: 1024px) 100vw, 1024px\" \/><\/figure>\n<\/div>\n<p><!-- \/wp:media-text --><!-- wp:columns --><\/p>\n<div class=\"wp-block-columns\">\n<p><!-- wp:column --><\/p>\n<div class=\"wp-block-column\">\n<p><!-- wp:spacer {\"height\":\"50px\"} --><\/p>\n<div class=\"wp-block-spacer\" style=\"height: 50px;\" aria-hidden=\"true\">\u00a0<\/div>\n<p><!-- \/wp:spacer --><!-- wp:media-text {\"mediaId\":75,\"mediaLink\":\"https:\/\/wamiliki.org\/home\/img_6935\/\",\"mediaType\":\"image\",\"imageFill\":true} --><\/p>\n<div class=\"wp-block-media-text alignwide is-stacked-on-mobile is-image-fill\">\n<figure class=\"wp-block-media-text__media\" style=\"background-image: url('https:\/\/wamiliki.org\/wp-content\/uploads\/2023\/07\/IMG_6935-1024x683.jpg'); background-position: 50% 50%;\"><img loading=\"lazy\" decoding=\"async\" width=\"1024\" height=\"683\" class=\"wp-image-75 size-full\" src=\"https:\/\/wamiliki.org\/wp-content\/uploads\/2023\/07\/IMG_6935-1024x683.jpg\" alt=\"\" srcset=\"https:\/\/www.wamiliki.org\/wp-content\/uploads\/2023\/07\/IMG_6935-1024x683.jpg 1024w, https:\/\/www.wamiliki.org\/wp-content\/uploads\/2023\/07\/IMG_6935-300x200.jpg 300w, https:\/\/www.wamiliki.org\/wp-content\/uploads\/2023\/07\/IMG_6935-768x512.jpg 768w, https:\/\/www.wamiliki.org\/wp-content\/uploads\/2023\/07\/IMG_6935-1536x1024.jpg 1536w, https:\/\/www.wamiliki.org\/wp-content\/uploads\/2023\/07\/IMG_6935-2048x1365.jpg 2048w\" sizes=\"auto, (max-width: 1024px) 100vw, 1024px\" \/><\/figure>\n<div class=\"wp-block-media-text__content\">\n<p><!-- wp:heading {\"textAlign\":\"left\"} --><\/p>\n<h2 class=\"wp-block-heading has-text-align-left\">\u00c0 propos de Wamiliki<\/h2>\n<p><!-- \/wp:heading --><!-- wp:paragraph {\"align\":\"left\"} --><\/p>\n<p class=\"has-text-align-left\">Op\u00a0 15 Juli 2021 is de Stichting Wamiliki opgericht.<\/p>\n<p><!-- \/wp:paragraph --><!-- wp:paragraph {\"align\":\"left\"} --><\/p>\n<p class=\"has-text-align-left\">Vous trouverez ci-dessous l&#039;objectif tel qu&#039;exprim\u00e9 dans l&#039;acte constitutif.<\/p>\n<p><!-- \/wp:paragraph --><!-- wp:paragraph {\"align\":\"left\"} --><\/p>\n<p class=\"has-text-align-left\">La Fondation a pour objectif de :<\/p>\n<p><!-- \/wp:paragraph --><!-- wp:group {\"layout\":{\"type\":\"constrained\"}} --><\/p>\n<div class=\"wp-block-group\">\n<p><!-- wp:list {\"className\":\"gutenberg-list\"} --><\/p>\n<ul class=\"gutenberg-list\">\n<li style=\"list-style-type: none;\">\n<ul class=\"gutenberg-list\"><!-- wp:list-item --><\/ul>\n<\/li>\n<\/ul>\n<ul class=\"gutenberg-list\">\n<li style=\"list-style-type: none;\">\n<ul class=\"gutenberg-list\">\n<li>Cr\u00e9er les conditions permettant aux Africains sur le continent africain et en Europe de parvenir \u00e0 une participation accrue aux questions li\u00e9es au d\u00e9veloppement et aux relations avec le continent africain;<\/li>\n<\/ul>\n<\/li>\n<\/ul>\n<p><!-- \/wp:list-item --><!-- wp:list-item --><\/p>\n<ul class=\"gutenberg-list\">\n<li style=\"list-style-type: none;\">\n<ul class=\"gutenberg-list\">\n<li>Travailler activement et contribuer \u00e0 la r\u00e9conciliation et \u00e0 la connexion entre Africains et Europ\u00e9ens en Europe et en Afrique;<\/li>\n<\/ul>\n<\/li>\n<\/ul>\n<p><!-- \/wp:list-item --><!-- wp:list-item --><\/p>\n<ul class=\"gutenberg-list\">\n<li style=\"list-style-type: none;\">\n<ul class=\"gutenberg-list\">\n<li>Ex\u00e9cuter et mettre en pratique un projet pilote pour la R\u00e9publique D\u00e9mocratique du Congo au regard de la r\u00e9alisation mentionn\u00e9e au paragraphe 2 ci-dessous;<\/li>\n<\/ul>\n<\/li>\n<\/ul>\n<p><!-- \/wp:list-item --><!-- wp:list-item --><\/p>\n<ul class=\"gutenberg-list\">\n<li style=\"list-style-type: none;\">\n<ul class=\"gutenberg-list\">\n<li>R\u00e9aliser toutes autres actions li\u00e9es \u00e0 ce qui pr\u00e9c\u00e8de au sens le plus large ou pouvant y contribuer.<\/li>\n<\/ul>\n<\/li>\n<\/ul>\n<p><!-- \/wp:list-item --><\/p>\n<p><!-- \/wp:list --><\/p>\n<\/div>\n<p><!-- \/wp:group --><\/p>\n<\/div>\n<\/div>\n<p><!-- \/wp:media-text --><\/p>\n<\/div>\n<p><!-- \/wp:column --><\/p>\n<\/div>\n<p><!-- \/wp:columns --><!-- wp:quote {\"align\":\"center\"} --><\/p>\n<blockquote class=\"wp-block-quote has-text-align-center\">\n<p><!-- wp:paragraph --><\/p>\n<p><!-- \/wp:paragraph --><cite><\/cite><\/p>\n<p><strong>Fondation Wamiliki<\/strong><br \/>\u00ab Propri\u00e9t\u00e9. Connecter l\u2019Afrique et l\u2019Europe. onnecter les Africains et les Europ\u00e9ens.<\/p>\n<p>\u00a0<\/p>\n<\/blockquote>\n<p><!-- \/wp:quote --><!-- wp:columns --><\/p>\n<div class=\"wp-block-columns\">\n<p><!-- wp:column --><\/p>\n<div class=\"wp-block-column\">\n<p><!-- wp:media-text {\"mediaPosition\":\"right\",\"mediaId\":66,\"mediaLink\":\"https:\/\/wamiliki.org\/home\/58469c98-17bc-4d2b-95aa-3fae63897546_1_105_c\/\",\"mediaType\":\"image\",\"mediaWidth\":60,\"imageFill\":true} --><\/p>\n<div class=\"wp-block-media-text alignwide has-media-on-the-right is-stacked-on-mobile is-image-fill\" style=\"grid-template-columns: auto 60%;\">\n<div class=\"wp-block-media-text__content\">\n<p><!-- wp:paragraph --><\/p>\n<p>La Fondation tente d'atteindre ses objectifs, entre autres, en:<\/p>\n<p><!-- \/wp:paragraph --><!-- wp:list {\"className\":\"gutenberg-list\"} --><\/p>\n<ul class=\"gutenberg-list\">\n<li style=\"list-style-type: none;\">\n<ul class=\"gutenberg-list\"><!-- wp:list-item --><\/ul>\n<\/li>\n<\/ul>\n<ul class=\"gutenberg-list\">\n<li style=\"list-style-type: none;\">\n<ul class=\"gutenberg-list\">\n<li>Organiser des r\u00e9unions et des formations pour promouvoir la responsabilit\u00e9 personnelle et s'approprier pleinement les questions concernant le d\u00e9veloppement du continent africain;<\/li>\n<\/ul>\n<\/li>\n<\/ul>\n<p><!-- \/wp:list-item --><!-- wp:list-item --><\/p>\n<ul class=\"gutenberg-list\">\n<li style=\"list-style-type: none;\">\n<ul class=\"gutenberg-list\">\n<li>\u00c9tablir des contacts, organiser des r\u00e9unions et des formations pour les acteurs europ\u00e9ens qui souhaitent aider le continent africain \u00e0 se d\u00e9velopper afin d'\u00e9viter une appropriation totale par les Africains;<\/li>\n<\/ul>\n<\/li>\n<\/ul>\n<p><!-- \/wp:list-item --><!-- wp:list-item --><\/p>\n<ul class=\"gutenberg-list\">\n<li style=\"list-style-type: none;\">\n<ul class=\"gutenberg-list\">\n<li>Publier et attirer l'attention sur les r\u00e9sultats et l'impact obtenus en Afrique et en Europe.<\/li>\n<\/ul>\n<\/li>\n<\/ul>\n<p><!-- \/wp:list-item --><\/p>\n<p><!-- \/wp:list --><!-- wp:paragraph --><\/p>\n<p><!-- \/wp:paragraph --><\/p>\n<\/div>\n<figure class=\"wp-block-media-text__media\" style=\"background-image: url('https:\/\/wamiliki.org\/wp-content\/uploads\/2023\/07\/58469C98-17BC-4D2B-95AA-3FAE63897546_1_105_c.jpeg'); background-position: 50% 50%;\"><img loading=\"lazy\" decoding=\"async\" width=\"1024\" height=\"768\" class=\"wp-image-66 size-full\" src=\"https:\/\/wamiliki.org\/wp-content\/uploads\/2023\/07\/58469C98-17BC-4D2B-95AA-3FAE63897546_1_105_c.jpeg\" alt=\"\" srcset=\"https:\/\/www.wamiliki.org\/wp-content\/uploads\/2023\/07\/58469C98-17BC-4D2B-95AA-3FAE63897546_1_105_c.jpeg 1024w, https:\/\/www.wamiliki.org\/wp-content\/uploads\/2023\/07\/58469C98-17BC-4D2B-95AA-3FAE63897546_1_105_c-300x225.jpeg 300w, https:\/\/www.wamiliki.org\/wp-content\/uploads\/2023\/07\/58469C98-17BC-4D2B-95AA-3FAE63897546_1_105_c-768x576.jpeg 768w\" sizes=\"auto, (max-width: 1024px) 100vw, 1024px\" \/><\/figure>\n<\/div>\n<p><!-- \/wp:media-text --><\/p>\n<\/div>\n<p><!-- \/wp:column --><\/p>\n<\/div>\n<p><!-- \/wp:columns --><!-- wp:spacer {\"height\":\"50px\"} --><\/p>\n<div class=\"wp-block-spacer\" style=\"height: 50px;\" aria-hidden=\"true\">\u00a0<\/div>\n<p><!-- \/wp:spacer --><!-- wp:paragraph {\"align\":\"center\"} --><\/p>\n<p class=\"has-text-align-center\">La Fondation n&#039;a pas de but lucratif.<\/p>\n<p><!-- \/wp:paragraph --><!-- wp:paragraph {\"align\":\"center\"} --><\/p>\n<p class=\"has-text-align-center\">Les administrateurs ne per\u00e7oivent aucune r\u00e9mun\u00e9ration pour leur travail,<br \/>ils ont droit au remboursement des frais expos\u00e9s dans l'exercice de leurs fonctions<\/p>\n<p><!-- \/wp:paragraph --><!-- wp:paragraph {\"align\":\"center\"} --><\/p>\n<p class=\"has-text-align-center\">La Fondation a le statut ANBI, <br \/><a href=\"https:\/\/www.wamiliki.org\/fr\/werkwijze\/\" data-type=\"page\" data-id=\"117\">pour plus d'informations \u00e0 ce sujet consultez notre page m\u00e9thodes de travail<\/a><\/p>\n<p><!-- \/wp:paragraph --><!-- wp:spacer {\"height\":\"50px\"} --><\/p>\n<div class=\"wp-block-spacer\" style=\"height: 50px;\" aria-hidden=\"true\">\u00a0<\/div>\n<p><!-- \/wp:spacer --><!-- wp:columns --><\/p>\n<div class=\"wp-block-columns\">\n<p><!-- wp:column --><\/p>\n<div class=\"wp-block-column\">\n<p><!-- wp:heading {\"textAlign\":\"center\"} --><\/p>\n<h2 class=\"wp-block-heading has-text-align-center\">Rapport annuel<\/h2>\n<p><!-- \/wp:heading --><!-- wp:paragraph {\"align\":\"center\"} --><\/p>\n<p class=\"has-text-align-center\"><a href=\"https:\/\/wamiliki.org\/wp-content\/uploads\/2023\/07\/Jaarverslag-Stichting-Wamiliki-2021-2022.pdf\" target=\"_blank\" rel=\"noreferrer noopener\" data-type=\"URL\" data-id=\"https:\/\/wamiliki.org\/wp-content\/uploads\/2023\/07\/Jaarverslag-Stichting-Wamiliki-2021-2022.pdf\">Rapport annuel de la Fondation Wamiliki \u2013 2021 \u2013 2022<\/a><\/p>\n<p class=\"has-text-align-center\"><a href=\"https:\/\/www.wamiliki.org\/fr\/2024\/07\/08\/jaarverslag-2023\/\">Rapport annuel de la Fondation Wamiliki \u2013 2021 \u2013 2022<\/a><\/p>\n<p class=\"has-text-align-center\"><a href=\"https:\/\/www.wamiliki.org\/wp-content\/uploads\/2025\/07\/Jaarverslag-Stichting-Wamiliki-2024-def.pdf\">Jaarverslag Stichting Wamiliki &#8211; 2024<\/a><\/p>\n<p><!-- \/wp:paragraph --><\/p>\n<\/div>\n<p><!-- \/wp:column --><\/p>\n<\/div>\n<p><!-- \/wp:columns --><\/p>\t\t\t\t\t\t<\/div>\n\t\t\t\t<\/div>\n\t\t\t\t\t<\/div>\n\t\t<\/div>\n\t\t\t\t\t\t\t<\/div>\n\t\t<\/section>\n\t\t\t\t\t\t\t<\/div>","protected":false},"excerpt":{"rendered":"<p>Wie zijn we? De initiatiefnemerPaul Mbikayi Bestuur (vrijwillig en onbezoldigd)Voorzitter: Kees de KeiserPenningmeester: Paul MbikayiSecretaris: Herbert Schilthuis:lid: Kees Verschoor \u00a0 \u00a0 Over Wamiliki Op\u00a0 15 Juli 2021 is de Stichting Wamiliki opgericht. Hieronder de doelstelling zoals deze verwoord is in de akte van oprichting. De Stichting heeft ten doel: Het scheppen van voorwaarden voor Afrikanen [&hellip;]<\/p>","protected":false},"author":1,"featured_media":78,"parent":0,"menu_order":0,"comment_status":"closed","ping_status":"closed","template":"","meta":{"footnotes":""},"class_list":["post-95","page","type-page","status-publish","has-post-thumbnail","hentry"],"acf":[],"_links":{"self":[{"href":"https:\/\/www.wamiliki.org\/fr\/wp-json\/wp\/v2\/pages\/95","targetHints":{"allow":["GET"]}}],"collection":[{"href":"https:\/\/www.wamiliki.org\/fr\/wp-json\/wp\/v2\/pages"}],"about":[{"href":"https:\/\/www.wamiliki.org\/fr\/wp-json\/wp\/v2\/types\/page"}],"author":[{"embeddable":true,"href":"https:\/\/www.wamiliki.org\/fr\/wp-json\/wp\/v2\/users\/1"}],"replies":[{"embeddable":true,"href":"https:\/\/www.wamiliki.org\/fr\/wp-json\/wp\/v2\/comments?post=95"}],"version-history":[{"count":86,"href":"https:\/\/www.wamiliki.org\/fr\/wp-json\/wp\/v2\/pages\/95\/revisions"}],"predecessor-version":[{"id":771,"href":"https:\/\/www.wamiliki.org\/fr\/wp-json\/wp\/v2\/pages\/95\/revisions\/771"}],"wp:featuredmedia":[{"embeddable":true,"href":"https:\/\/www.wamiliki.org\/fr\/wp-json\/wp\/v2\/media\/78"}],"wp:attachment":[{"href":"https:\/\/www.wamiliki.org\/fr\/wp-json\/wp\/v2\/media?parent=95"}],"curies":[{"name":"wp","href":"https:\/\/api.w.org\/{rel}","templated":true}]}}